{"id":3985,"date":"2020-07-07T04:14:44","date_gmt":"2020-07-07T04:14:44","guid":{"rendered":"http:\/\/wpdemo.archiwp.com\/theratio\/?page_id=3985"},"modified":"2025-08-17T16:29:19","modified_gmt":"2025-08-17T16:29:19","slug":"blog-grid","status":"publish","type":"page","link":"https:\/\/ahsapmobilya.uz\/tr\/blog-grid\/","title":{"rendered":"Blog"},"content":{"rendered":"<div data-elementor-type=\"wp-page\" data-elementor-id=\"3985\" class=\"elementor elementor-3985\" data-elementor-post-type=\"page\">\n\t\t\t\t\t\t<section class=\"elementor-section elementor-top-section elementor-element elementor-element-f8c42df elementor-section-content-middle elementor-section-boxed elementor-section-height-default elementor-section-height-default\" data-id=\"f8c42df\" data-element_type=\"section\">\n\t\t\t\t\t\t<div class=\"elementor-container elementor-column-gap-extended\">\n\t\t\t\t\t<div class=\"elementor-column elementor-col-100 elementor-top-column elementor-element elementor-element-9c989b2 ot-flex-column-vertical\" data-id=\"9c989b2\" data-element_type=\"column\">\n\t\t\t<div class=\"elementor-widget-wrap elementor-element-populated\">\n\t\t\t\t\t\t<div class=\"elementor-element elementor-element-3fc234b elementor-widget elementor-widget-text-editor\" data-id=\"3fc234b\" data-element_type=\"widget\" data-widget_type=\"text-editor.default\">\n\t\t\t\t<div class=\"elementor-widget-container\">\n\t\t\t\t\t\t\t\t\t<p>Blogumuzda, mobilya ve i\u00e7 mek\u00e2n tasar\u0131m\u0131 alan\u0131nda onlarca y\u0131ll\u0131k deneyimle kazand\u0131\u011f\u0131m\u0131z bilgi ve birikimleri payla\u015f\u0131yoruz. Burada bulacaklar\u0131n\u0131z:<\/p><ul><li>i\u00e7 tasar\u0131mdaki en son trendler,<\/li><li>mobilya ve malzeme se\u00e7iminde pratik ipu\u00e7lar\u0131,<\/li><li>tamamlanan projelerden \u00f6ne \u00e7\u0131kanlar ve \u00f6zel \u00e7\u00f6z\u00fcmler,<\/li><li>atmosfer yaratan mobilyalar\u0131n nas\u0131l tasarland\u0131\u011f\u0131na dair hik\u00e2yeler.<\/li><\/ul>\t\t\t\t\t\t\t\t<\/div>\n\t\t\t\t<\/div>\n\t\t\t\t\t<\/div>\n\t\t<\/div>\n\t\t\t\t\t<\/div>\n\t\t<\/section>\n\t\t\t\t<section class=\"elementor-section elementor-top-section elementor-element elementor-element-3d510d1 elementor-section-boxed elementor-section-height-default elementor-section-height-default\" data-id=\"3d510d1\" data-element_type=\"section\">\n\t\t\t\t\t\t<div class=\"elementor-container elementor-column-gap-default\">\n\t\t\t\t\t<div class=\"elementor-column elementor-col-100 elementor-top-column elementor-element elementor-element-a53f8c2 ot-flex-column-vertical\" data-id=\"a53f8c2\" data-element_type=\"column\">\n\t\t\t<div class=\"elementor-widget-wrap elementor-element-populated\">\n\t\t\t\t\t\t<div class=\"elementor-element elementor-element-7a02f62 elementor-pagination-type-bullets elementor-pagination-position-outside elementor-widget elementor-widget-loop-carousel\" data-id=\"7a02f62\" data-element_type=\"widget\" data-settings=\"{&quot;template_id&quot;:4886,&quot;_skin&quot;:&quot;post&quot;,&quot;slides_to_show&quot;:&quot;3&quot;,&quot;slides_to_show_tablet&quot;:&quot;2&quot;,&quot;slides_to_show_mobile&quot;:&quot;1&quot;,&quot;slides_to_scroll&quot;:&quot;1&quot;,&quot;edit_handle_selector&quot;:&quot;.elementor-loop-container&quot;,&quot;autoplay&quot;:&quot;yes&quot;,&quot;autoplay_speed&quot;:5000,&quot;pause_on_hover&quot;:&quot;yes&quot;,&quot;pause_on_interaction&quot;:&quot;yes&quot;,&quot;infinite&quot;:&quot;yes&quot;,&quot;speed&quot;:500,&quot;offset_sides&quot;:&quot;none&quot;,&quot;pagination&quot;:&quot;bullets&quot;,&quot;image_spacing_custom&quot;:{&quot;unit&quot;:&quot;px&quot;,&quot;size&quot;:10,&quot;sizes&quot;:[]},&quot;image_spacing_custom_tablet&quot;:{&quot;unit&quot;:&quot;px&quot;,&quot;size&quot;:&quot;&quot;,&quot;sizes&quot;:[]},&quot;image_spacing_custom_mobile&quot;:{&quot;unit&quot;:&quot;px&quot;,&quot;size&quot;:&quot;&quot;,&quot;sizes&quot;:[]}}\" data-widget_type=\"loop-carousel.post\">\n\t\t\t\t<div class=\"elementor-widget-container\">\n\t\t\t\t\t\t\t<div class=\"swiper elementor-loop-container elementor-grid\" role=\"list\" dir=\"ltr\">\n\t\t\t\t<div class=\"swiper-wrapper\" aria-live=\"off\">\n\t\t<style id=\"loop-4886\">.elementor-4886 .elementor-element.elementor-element-70ca72e{--display:flex;--flex-direction:column;--container-widget-width:100%;--container-widget-height:initial;--container-widget-flex-grow:0;--container-widget-align-self:initial;--flex-wrap-mobile:wrap;--justify-content:space-around;border-style:solid;--border-style:solid;border-width:1px 1px 1px 1px;--border-top-width:1px;--border-right-width:1px;--border-bottom-width:1px;--border-left-width:1px;border-color:#E0E0E0;--border-color:#E0E0E0;--margin-top:0px;--margin-bottom:0px;--margin-left:0px;--margin-right:0px;--padding-top:10px;--padding-bottom:10px;--padding-left:10px;--padding-right:10px;}.elementor-4886 .elementor-element.elementor-element-70ca72e:hover{border-style:solid;border-width:1px 1px 1px 1px;--border-top-width:1px;--border-right-width:1px;--border-bottom-width:1px;--border-left-width:1px;border-color:#000000;--border-color:#000000;}.elementor-4886 .elementor-element.elementor-element-70ca72e, .elementor-4886 .elementor-element.elementor-element-70ca72e::before{--border-transition:0.3s;}.elementor-widget-theme-post-featured-image .widget-image-caption{color:var( --e-global-color-text );font-family:var( --e-global-typography-text-font-family ), Sans-serif;font-weight:var( --e-global-typography-text-font-weight );}.elementor-widget-theme-post-title .elementor-heading-title{font-family:var( --e-global-typography-primary-font-family ), Sans-serif;font-weight:var( --e-global-typography-primary-font-weight );color:var( --e-global-color-primary );}.elementor-4886 .elementor-element.elementor-element-043f6f0 .elementor-heading-title{font-family:\"Roboto\", Sans-serif;font-size:24px;font-weight:400;line-height:24px;color:#000000;}.elementor-widget-theme-post-excerpt .elementor-widget-container{font-family:var( --e-global-typography-text-font-family ), Sans-serif;font-weight:var( --e-global-typography-text-font-weight );color:var( --e-global-color-text );}.elementor-4886 .elementor-element.elementor-element-784421b .elementor-widget-container{color:#000000;}.elementor-widget-button .elementor-button{background-color:var( --e-global-color-accent );font-family:var( --e-global-typography-accent-font-family ), Sans-serif;font-weight:var( --e-global-typography-accent-font-weight );}.elementor-4886 .elementor-element.elementor-element-4c41eba .elementor-button{background-color:#000000;border-radius:0px 0px 0px 0px;}.elementor-4886 .elementor-element.elementor-element-4c41eba .elementor-button:hover, .elementor-4886 .elementor-element.elementor-element-4c41eba .elementor-button:focus{background-color:#2A2A2A;color:#FFFFFF;}.elementor-4886 .elementor-element.elementor-element-4c41eba .elementor-button:hover svg, .elementor-4886 .elementor-element.elementor-element-4c41eba .elementor-button:focus svg{fill:#FFFFFF;}<\/style>\t\t<div data-elementor-type=\"loop-item\" data-elementor-id=\"4886\" class=\"elementor elementor-4886 swiper-slide e-loop-item e-loop-item-5185 post-5185 post type-post status-publish format-standard has-post-thumbnail hentry category-ahsap tag-ahsap-mobilya tag-furniture\" data-elementor-post-type=\"elementor_library\" role=\"group\" aria-roledescription=\"slide\" data-custom-edit-handle=\"1\">\n\t\t\t<div class=\"elementor-element elementor-element-70ca72e e-flex e-con-boxed e-con e-parent\" data-id=\"70ca72e\" data-element_type=\"container\">\n\t\t\t\t\t<div class=\"e-con-inner\">\n\t\t\t\t<div class=\"elementor-element elementor-element-72f4f32 elementor-widget elementor-widget-theme-post-featured-image elementor-widget-image\" data-id=\"72f4f32\" data-element_type=\"widget\" data-widget_type=\"theme-post-featured-image.default\">\n\t\t\t\t<div class=\"elementor-widget-container\">\n\t\t\t\t\t\t\t\t\t\t\t\t\t\t\t\t<a href=\"https:\/\/ahsapmobilya.uz\/tr\/what-is-ffe\/\">\n\t\t\t\t\t\t\t<img fetchpriority=\"high\" decoding=\"async\" width=\"1000\" height=\"750\" src=\"https:\/\/ahsapmobilya.uz\/wp-content\/uploads\/2026\/01\/FFE-logistics-05.avif\" class=\"attachment-large size-large wp-image-5188\" alt=\"\" srcset=\"https:\/\/ahsapmobilya.uz\/wp-content\/uploads\/2026\/01\/FFE-logistics-05.avif 1000w, https:\/\/ahsapmobilya.uz\/wp-content\/uploads\/2026\/01\/FFE-logistics-05-300x225.avif 300w, https:\/\/ahsapmobilya.uz\/wp-content\/uploads\/2026\/01\/FFE-logistics-05-768x576.avif 768w, https:\/\/ahsapmobilya.uz\/wp-content\/uploads\/2026\/01\/FFE-logistics-05-16x12.avif 16w\" sizes=\"(max-width: 1000px) 100vw, 1000px\" \/>\t\t\t\t\t\t\t\t<\/a>\n\t\t\t\t\t\t\t\t\t\t\t\t\t\t\t<\/div>\n\t\t\t\t<\/div>\n\t\t\t\t<div class=\"elementor-element elementor-element-043f6f0 elementor-widget elementor-widget-theme-post-title elementor-page-title elementor-widget-heading\" data-id=\"043f6f0\" data-element_type=\"widget\" data-widget_type=\"theme-post-title.default\">\n\t\t\t\t<div class=\"elementor-widget-container\">\n\t\t\t\t\t<h1 class=\"elementor-heading-title elementor-size-default\"><a href=\"https:\/\/ahsapmobilya.uz\/tr\/what-is-ffe\/\">FF&amp;E nedir, ne i\u00e7in gereklidir?<\/a><\/h1>\t\t\t\t<\/div>\n\t\t\t\t<\/div>\n\t\t\t\t<div class=\"elementor-element elementor-element-4c41eba elementor-align-center elementor-widget elementor-widget-button\" data-id=\"4c41eba\" data-element_type=\"widget\" data-widget_type=\"button.default\">\n\t\t\t\t<div class=\"elementor-widget-container\">\n\t\t\t\t\t\t\t\t\t<div class=\"elementor-button-wrapper\">\n\t\t\t\t\t<a class=\"elementor-button elementor-button-link elementor-size-sm\" href=\"https:\/\/ahsapmobilya.uz\/tr\/what-is-ffe\/\">\n\t\t\t\t\t\t<span class=\"elementor-button-content-wrapper\">\n\t\t\t\t\t\t\t\t\t<span class=\"elementor-button-text\">Devam\u0131n\u0131 oku<\/span>\n\t\t\t\t\t<\/span>\n\t\t\t\t\t<\/a>\n\t\t\t\t<\/div>\n\t\t\t\t\t\t\t\t<\/div>\n\t\t\t\t<\/div>\n\t\t\t\t\t<\/div>\n\t\t\t\t<\/div>\n\t\t\t\t<\/div>\n\t\t\t\t<div data-elementor-type=\"loop-item\" data-elementor-id=\"4886\" class=\"elementor elementor-4886 swiper-slide e-loop-item e-loop-item-102 post-102 post type-post status-publish format-standard has-post-thumbnail hentry category-ahsap tag-ahsap-mobilya tag-furniture\" data-elementor-post-type=\"elementor_library\" role=\"group\" aria-roledescription=\"slide\" data-custom-edit-handle=\"1\">\n\t\t\t<div class=\"elementor-element elementor-element-70ca72e e-flex e-con-boxed e-con e-parent\" data-id=\"70ca72e\" data-element_type=\"container\">\n\t\t\t\t\t<div class=\"e-con-inner\">\n\t\t\t\t<div class=\"elementor-element elementor-element-72f4f32 elementor-widget elementor-widget-theme-post-featured-image elementor-widget-image\" data-id=\"72f4f32\" data-element_type=\"widget\" data-widget_type=\"theme-post-featured-image.default\">\n\t\t\t\t<div class=\"elementor-widget-container\">\n\t\t\t\t\t\t\t\t\t\t\t\t\t\t\t\t<a href=\"https:\/\/ahsapmobilya.uz\/tr\/furniture-choice\/\">\n\t\t\t\t\t\t\t<img decoding=\"async\" width=\"1024\" height=\"683\" src=\"https:\/\/ahsapmobilya.uz\/wp-content\/uploads\/2020\/03\/i-1024x683.webp\" class=\"attachment-large size-large wp-image-4843\" alt=\"\" srcset=\"https:\/\/ahsapmobilya.uz\/wp-content\/uploads\/2020\/03\/i-1024x683.webp 1024w, https:\/\/ahsapmobilya.uz\/wp-content\/uploads\/2020\/03\/i-300x200.webp 300w, https:\/\/ahsapmobilya.uz\/wp-content\/uploads\/2020\/03\/i-768x512.webp 768w, https:\/\/ahsapmobilya.uz\/wp-content\/uploads\/2020\/03\/i-1536x1024.webp 1536w, https:\/\/ahsapmobilya.uz\/wp-content\/uploads\/2020\/03\/i.webp 1800w\" sizes=\"(max-width: 1024px) 100vw, 1024px\" \/>\t\t\t\t\t\t\t\t<\/a>\n\t\t\t\t\t\t\t\t\t\t\t\t\t\t\t<\/div>\n\t\t\t\t<\/div>\n\t\t\t\t<div class=\"elementor-element elementor-element-043f6f0 elementor-widget elementor-widget-theme-post-title elementor-page-title elementor-widget-heading\" data-id=\"043f6f0\" data-element_type=\"widget\" data-widget_type=\"theme-post-title.default\">\n\t\t\t\t<div class=\"elementor-widget-container\">\n\t\t\t\t\t<h1 class=\"elementor-heading-title elementor-size-default\"><a href=\"https:\/\/ahsapmobilya.uz\/tr\/furniture-choice\/\">FF&amp;E nedir, ne i\u00e7in gereklidir?<\/a><\/h1>\t\t\t\t<\/div>\n\t\t\t\t<\/div>\n\t\t\t\t<div class=\"elementor-element elementor-element-784421b elementor-widget elementor-widget-theme-post-excerpt\" data-id=\"784421b\" data-element_type=\"widget\" data-widget_type=\"theme-post-excerpt.default\">\n\t\t\t\t<div class=\"elementor-widget-container\">\n\t\t\t\t\tOtelcilik, her k\u00fc\u00e7\u00fck \u015feyin \u00f6nemli oldu\u011fu bir aland\u0131r. Konuklar kap\u0131lar\u0131n neyden yap\u0131ld\u0131\u011f\u0131n\u0131 d\u00fc\u015f\u00fcnmeyebilirler.\t\t\t\t<\/div>\n\t\t\t\t<\/div>\n\t\t\t\t<div class=\"elementor-element elementor-element-4c41eba elementor-align-center elementor-widget elementor-widget-button\" data-id=\"4c41eba\" data-element_type=\"widget\" data-widget_type=\"button.default\">\n\t\t\t\t<div class=\"elementor-widget-container\">\n\t\t\t\t\t\t\t\t\t<div class=\"elementor-button-wrapper\">\n\t\t\t\t\t<a class=\"elementor-button elementor-button-link elementor-size-sm\" href=\"https:\/\/ahsapmobilya.uz\/tr\/furniture-choice\/\">\n\t\t\t\t\t\t<span class=\"elementor-button-content-wrapper\">\n\t\t\t\t\t\t\t\t\t<span class=\"elementor-button-text\">Devam\u0131n\u0131 oku<\/span>\n\t\t\t\t\t<\/span>\n\t\t\t\t\t<\/a>\n\t\t\t\t<\/div>\n\t\t\t\t\t\t\t\t<\/div>\n\t\t\t\t<\/div>\n\t\t\t\t\t<\/div>\n\t\t\t\t<\/div>\n\t\t\t\t<\/div>\n\t\t\t\t<div data-elementor-type=\"loop-item\" data-elementor-id=\"4886\" class=\"elementor elementor-4886 swiper-slide e-loop-item e-loop-item-34 post-34 post type-post status-publish format-standard has-post-thumbnail hentry category-ahsap tag-ahsap-mobilya tag-furniture\" data-elementor-post-type=\"elementor_library\" role=\"group\" aria-roledescription=\"slide\" data-custom-edit-handle=\"1\">\n\t\t\t<div class=\"elementor-element elementor-element-70ca72e e-flex e-con-boxed e-con e-parent\" data-id=\"70ca72e\" data-element_type=\"container\">\n\t\t\t\t\t<div class=\"e-con-inner\">\n\t\t\t\t<div class=\"elementor-element elementor-element-72f4f32 elementor-widget elementor-widget-theme-post-featured-image elementor-widget-image\" data-id=\"72f4f32\" data-element_type=\"widget\" data-widget_type=\"theme-post-featured-image.default\">\n\t\t\t\t<div class=\"elementor-widget-container\">\n\t\t\t\t\t\t\t\t\t\t\t\t\t\t\t\t<a href=\"https:\/\/ahsapmobilya.uz\/tr\/style-functionality\/\">\n\t\t\t\t\t\t\t<img decoding=\"async\" width=\"1024\" height=\"575\" src=\"https:\/\/ahsapmobilya.uz\/wp-content\/uploads\/2019\/11\/sadas2-1024x575.webp\" class=\"attachment-large size-large wp-image-4861\" alt=\"\" srcset=\"https:\/\/ahsapmobilya.uz\/wp-content\/uploads\/2019\/11\/sadas2-1024x575.webp 1024w, https:\/\/ahsapmobilya.uz\/wp-content\/uploads\/2019\/11\/sadas2-300x169.webp 300w, https:\/\/ahsapmobilya.uz\/wp-content\/uploads\/2019\/11\/sadas2-768x432.webp 768w, https:\/\/ahsapmobilya.uz\/wp-content\/uploads\/2019\/11\/sadas2-1536x863.webp 1536w, https:\/\/ahsapmobilya.uz\/wp-content\/uploads\/2019\/11\/sadas2.webp 2000w\" sizes=\"(max-width: 1024px) 100vw, 1024px\" \/>\t\t\t\t\t\t\t\t<\/a>\n\t\t\t\t\t\t\t\t\t\t\t\t\t\t\t<\/div>\n\t\t\t\t<\/div>\n\t\t\t\t<div class=\"elementor-element elementor-element-043f6f0 elementor-widget elementor-widget-theme-post-title elementor-page-title elementor-widget-heading\" data-id=\"043f6f0\" data-element_type=\"widget\" data-widget_type=\"theme-post-title.default\">\n\t\t\t\t<div class=\"elementor-widget-container\">\n\t\t\t\t\t<h1 class=\"elementor-heading-title elementor-size-default\"><a href=\"https:\/\/ahsapmobilya.uz\/tr\/style-functionality\/\">B\u00fcy\u00fck projeler neden \u00f6zel bir yakla\u015f\u0131m gerektiriyor<\/a><\/h1>\t\t\t\t<\/div>\n\t\t\t\t<\/div>\n\t\t\t\t<div class=\"elementor-element elementor-element-784421b elementor-widget elementor-widget-theme-post-excerpt\" data-id=\"784421b\" data-element_type=\"widget\" data-widget_type=\"theme-post-excerpt.default\">\n\t\t\t\t<div class=\"elementor-widget-container\">\n\t\t\t\t\tEko-malzeme: do\u011fal ah\u015fap, geri d\u00f6n\u00fc\u015ft\u00fcr\u00fclebilir kuma\u015flar ve \u00e7evre dostu kaplamalar\u0131n kullan\u0131m\u0131.\t\t\t\t<\/div>\n\t\t\t\t<\/div>\n\t\t\t\t<div class=\"elementor-element elementor-element-4c41eba elementor-align-center elementor-widget elementor-widget-button\" data-id=\"4c41eba\" data-element_type=\"widget\" data-widget_type=\"button.default\">\n\t\t\t\t<div class=\"elementor-widget-container\">\n\t\t\t\t\t\t\t\t\t<div class=\"elementor-button-wrapper\">\n\t\t\t\t\t<a class=\"elementor-button elementor-button-link elementor-size-sm\" href=\"https:\/\/ahsapmobilya.uz\/tr\/style-functionality\/\">\n\t\t\t\t\t\t<span class=\"elementor-button-content-wrapper\">\n\t\t\t\t\t\t\t\t\t<span class=\"elementor-button-text\">Devam\u0131n\u0131 oku<\/span>\n\t\t\t\t\t<\/span>\n\t\t\t\t\t<\/a>\n\t\t\t\t<\/div>\n\t\t\t\t\t\t\t\t<\/div>\n\t\t\t\t<\/div>\n\t\t\t\t\t<\/div>\n\t\t\t\t<\/div>\n\t\t\t\t<\/div>\n\t\t\t\t<div data-elementor-type=\"loop-item\" data-elementor-id=\"4886\" class=\"elementor elementor-4886 swiper-slide e-loop-item e-loop-item-70 post-70 post type-post status-publish format-standard has-post-thumbnail hentry category-ahsap tag-ahsap-mobilya tag-furniture\" data-elementor-post-type=\"elementor_library\" role=\"group\" aria-roledescription=\"slide\" data-custom-edit-handle=\"1\">\n\t\t\t<div class=\"elementor-element elementor-element-70ca72e e-flex e-con-boxed e-con e-parent\" data-id=\"70ca72e\" data-element_type=\"container\">\n\t\t\t\t\t<div class=\"e-con-inner\">\n\t\t\t\t<div class=\"elementor-element elementor-element-72f4f32 elementor-widget elementor-widget-theme-post-featured-image elementor-widget-image\" data-id=\"72f4f32\" data-element_type=\"widget\" data-widget_type=\"theme-post-featured-image.default\">\n\t\t\t\t<div class=\"elementor-widget-container\">\n\t\t\t\t\t\t\t\t\t\t\t\t\t\t\t\t<a href=\"https:\/\/ahsapmobilya.uz\/tr\/conference-hall\/\">\n\t\t\t\t\t\t\t<img loading=\"lazy\" decoding=\"async\" width=\"1024\" height=\"683\" src=\"https:\/\/ahsapmobilya.uz\/wp-content\/uploads\/2019\/11\/15955189006998_w4000h3200-1024x683.jpg\" class=\"attachment-large size-large wp-image-4866\" alt=\"\" srcset=\"https:\/\/ahsapmobilya.uz\/wp-content\/uploads\/2019\/11\/15955189006998_w4000h3200-1024x683.jpg 1024w, https:\/\/ahsapmobilya.uz\/wp-content\/uploads\/2019\/11\/15955189006998_w4000h3200-300x200.jpg 300w, https:\/\/ahsapmobilya.uz\/wp-content\/uploads\/2019\/11\/15955189006998_w4000h3200-768x512.jpg 768w, https:\/\/ahsapmobilya.uz\/wp-content\/uploads\/2019\/11\/15955189006998_w4000h3200.jpg 1400w\" sizes=\"(max-width: 1024px) 100vw, 1024px\" \/>\t\t\t\t\t\t\t\t<\/a>\n\t\t\t\t\t\t\t\t\t\t\t\t\t\t\t<\/div>\n\t\t\t\t<\/div>\n\t\t\t\t<div class=\"elementor-element elementor-element-043f6f0 elementor-widget elementor-widget-theme-post-title elementor-page-title elementor-widget-heading\" data-id=\"043f6f0\" data-element_type=\"widget\" data-widget_type=\"theme-post-title.default\">\n\t\t\t\t<div class=\"elementor-widget-container\">\n\t\t\t\t\t<h1 class=\"elementor-heading-title elementor-size-default\"><a href=\"https:\/\/ahsapmobilya.uz\/tr\/conference-hall\/\">Konferans salonu i\u00e7in ideal i\u00e7 mek\u00e2n: Mobilya se\u00e7iminde nelere dikkat edilmeli?<\/a><\/h1>\t\t\t\t<\/div>\n\t\t\t\t<\/div>\n\t\t\t\t<div class=\"elementor-element elementor-element-784421b elementor-widget elementor-widget-theme-post-excerpt\" data-id=\"784421b\" data-element_type=\"widget\" data-widget_type=\"theme-post-excerpt.default\">\n\t\t\t\t<div class=\"elementor-widget-container\">\n\t\t\t\t\tKonferans salonlar\u0131, i\u015f toplant\u0131lar\u0131n\u0131n, sunumlar\u0131n ve m\u00fczakerelerin yap\u0131ld\u0131\u011f\u0131 alanlard\u0131r. Bu t\u00fcr mek\u00e2nlar\u0131n i\u00e7 tasar\u0131m\u0131 \u015f\u0131k, konforlu ve fonksiyonel olmal\u0131d\u0131r. \t\t\t\t<\/div>\n\t\t\t\t<\/div>\n\t\t\t\t<div class=\"elementor-element elementor-element-4c41eba elementor-align-center elementor-widget elementor-widget-button\" data-id=\"4c41eba\" data-element_type=\"widget\" data-widget_type=\"button.default\">\n\t\t\t\t<div class=\"elementor-widget-container\">\n\t\t\t\t\t\t\t\t\t<div class=\"elementor-button-wrapper\">\n\t\t\t\t\t<a class=\"elementor-button elementor-button-link elementor-size-sm\" href=\"https:\/\/ahsapmobilya.uz\/tr\/conference-hall\/\">\n\t\t\t\t\t\t<span class=\"elementor-button-content-wrapper\">\n\t\t\t\t\t\t\t\t\t<span class=\"elementor-button-text\">Devam\u0131n\u0131 oku<\/span>\n\t\t\t\t\t<\/span>\n\t\t\t\t\t<\/a>\n\t\t\t\t<\/div>\n\t\t\t\t\t\t\t\t<\/div>\n\t\t\t\t<\/div>\n\t\t\t\t\t<\/div>\n\t\t\t\t<\/div>\n\t\t\t\t<\/div>\n\t\t\t\t<\/div>\n\t\t<\/div>\n\t\t\t\t\t<div class=\"swiper-pagination\"><\/div>\n\t\t\t\t\t\t<\/div>\n\t\t\t\t<\/div>\n\t\t\t\t\t<\/div>\n\t\t<\/div>\n\t\t\t\t\t<\/div>\n\t\t<\/section>\n\t\t\t\t<\/div>","protected":false},"excerpt":{"rendered":"<p>\u0412 \u043d\u0430\u0448\u0435\u043c \u0431\u043b\u043e\u0433\u0435 \u043c\u044b \u0434\u0435\u043b\u0438\u043c\u0441\u044f \u043e\u043f\u044b\u0442\u043e\u043c \u0438 \u0437\u043d\u0430\u043d\u0438\u044f\u043c\u0438, \u043d\u0430\u043a\u043e\u043f\u043b\u0435\u043d\u043d\u044b\u043c\u0438 \u0437\u0430 \u0434\u0435\u0441\u044f\u0442\u0438\u043b\u0435\u0442\u0438\u044f \u0440\u0430\u0431\u043e\u0442\u044b \u0432 \u0441\u0444\u0435\u0440\u0435 \u043c\u0435\u0431\u0435\u043b\u0438 \u0438 \u0438\u043d\u0442\u0435\u0440\u044c\u0435\u0440\u043d\u044b\u0445 \u0440\u0435\u0448\u0435\u043d\u0438\u0439. \u0417\u0434\u0435\u0441\u044c \u0432\u044b \u043d\u0430\u0439\u0434\u0451\u0442\u0435: \u0441\u043e\u0432\u0440\u0435\u043c\u0435\u043d\u043d\u044b\u0435 \u0442\u0440\u0435\u043d\u0434\u044b \u0432 \u0434\u0438\u0437\u0430\u0439\u043d\u0435 \u0438\u043d\u0442\u0435\u0440\u044c\u0435\u0440\u043e\u0432; \u043f\u0440\u0430\u043a\u0442\u0438\u0447\u0435\u0441\u043a\u0438\u0435 \u0441\u043e\u0432\u0435\u0442\u044b \u043f\u043e \u0432\u044b\u0431\u043e\u0440\u0443 \u043c\u0435\u0431\u0435\u043b\u0438 \u0438 \u043c\u0430\u0442\u0435\u0440\u0438\u0430\u043b\u043e\u0432; \u043e\u0431\u0437\u043e\u0440\u044b \u0440\u0435\u0430\u043b\u0438\u0437\u043e\u0432\u0430\u043d\u043d\u044b\u0445 \u043f\u0440\u043e\u0435\u043a\u0442\u043e\u0432 \u0438 \u0443\u043d\u0438\u043a\u0430\u043b\u044c\u043d\u044b\u0445 \u0440\u0435\u0448\u0435\u043d\u0438\u0439; \u0438\u0441\u0442\u043e\u0440\u0438\u0438 \u043e \u0442\u043e\u043c, \u043a\u0430\u043a \u0441\u043e\u0437\u0434\u0430\u0451\u0442\u0441\u044f \u043c\u0435\u0431\u0435\u043b\u044c, \u0444\u043e\u0440\u043c\u0438\u0440\u0443\u044e\u0449\u0430\u044f \u0430\u0442\u043c\u043e\u0441\u0444\u0435\u0440\u0443.<\/p>","protected":false},"author":1,"featured_media":0,"parent":0,"menu_order":0,"comment_status":"closed","ping_status":"closed","template":"","meta":{"footnotes":""},"class_list":["post-3985","page","type-page","status-publish","hentry"],"_links":{"self":[{"href":"https:\/\/ahsapmobilya.uz\/tr\/wp-json\/wp\/v2\/pages\/3985","targetHints":{"allow":["GET"]}}],"collection":[{"href":"https:\/\/ahsapmobilya.uz\/tr\/wp-json\/wp\/v2\/pages"}],"about":[{"href":"https:\/\/ahsapmobilya.uz\/tr\/wp-json\/wp\/v2\/types\/page"}],"author":[{"embeddable":true,"href":"https:\/\/ahsapmobilya.uz\/tr\/wp-json\/wp\/v2\/users\/1"}],"replies":[{"embeddable":true,"href":"https:\/\/ahsapmobilya.uz\/tr\/wp-json\/wp\/v2\/comments?post=3985"}],"version-history":[{"count":0,"href":"https:\/\/ahsapmobilya.uz\/tr\/wp-json\/wp\/v2\/pages\/3985\/revisions"}],"wp:attachment":[{"href":"https:\/\/ahsapmobilya.uz\/tr\/wp-json\/wp\/v2\/media?parent=3985"}],"curies":[{"name":"wp","href":"https:\/\/api.w.org\/{rel}","templated":true}]}}