{"id":4097,"date":"2020-07-15T09:27:09","date_gmt":"2020-07-15T09:27:09","guid":{"rendered":"http:\/\/wpdemo.archiwp.com\/theratio\/?page_id=4097"},"modified":"2026-01-05T16:32:40","modified_gmt":"2026-01-05T16:32:40","slug":"our-projects","status":"publish","type":"page","link":"https:\/\/ahsapmobilya.uz\/tr\/our-projects\/","title":{"rendered":"Projelerimiz"},"content":{"rendered":"<div data-elementor-type=\"wp-page\" data-elementor-id=\"4097\" class=\"elementor elementor-4097\" data-elementor-post-type=\"page\">\n\t\t\t\t\t\t<section class=\"elementor-section elementor-top-section elementor-element elementor-element-1c47238 elementor-section-boxed elementor-section-height-default elementor-section-height-default\" data-id=\"1c47238\" data-element_type=\"section\">\n\t\t\t\t\t\t<div class=\"elementor-container elementor-column-gap-default\">\n\t\t\t\t\t<div class=\"elementor-column elementor-col-100 elementor-top-column elementor-element elementor-element-a00ca2f ot-flex-column-vertical\" data-id=\"a00ca2f\" data-element_type=\"column\">\n\t\t\t<div class=\"elementor-widget-wrap elementor-element-populated\">\n\t\t\t\t\t\t<div class=\"elementor-element elementor-element-8b912b3 elementor-widget elementor-widget-iheading\" data-id=\"8b912b3\" data-element_type=\"widget\" data-widget_type=\"iheading.default\">\n\t\t\t\t<div class=\"elementor-widget-container\">\n\t\t\t\t\t\t\t<div class=\"ot-heading is-dots\">\r\n\t        \t        <h2 class=\"main-heading\">Projelerimiz<\/h2>\t    <\/div>\r\n\t    \t\t\t\t<\/div>\n\t\t\t\t<\/div>\n\t\t\t\t<div class=\"elementor-element elementor-element-c37ad8f elementor-widget elementor-widget-text-editor\" data-id=\"c37ad8f\" data-element_type=\"widget\" data-widget_type=\"text-editor.default\">\n\t\t\t\t<div class=\"elementor-widget-container\">\n\t\t\t\t\t\t\t\t\t<p>Y\u0131llar boyunca 13 \u00fclkede 200\u2019den fazla b\u00fcy\u00fck \u00f6l\u00e7ekli projeyi ba\u015far\u0131yla tamamlad\u0131k. Oteller, sa\u011fl\u0131k merkezleri, i\u015f ve al\u0131\u015fveri\u015f kompleksleri, restoranlar ve m\u00fczeler i\u00e7in \u00fcretti\u011fimiz mobilya ve i\u00e7 mek\u00e2n \u00e7\u00f6z\u00fcmleriyle gurur duyuyoruz.<\/p><p>Her proje bizim i\u00e7in; stil, i\u015flevsellik ve kaliteyi bir araya getirme f\u0131rsat\u0131 ve g\u00fcvenilir bir i\u015f orta\u011f\u0131 oldu\u011fumuzu kan\u0131tlama yoludur.<\/p><p>Portf\u00f6y\u00fcm\u00fcz\u00fc ke\u015ffedin ve fikirleri nas\u0131l \u00f6zel mek\u00e2nlara d\u00f6n\u00fc\u015ft\u00fcrd\u00fc\u011f\u00fcm\u00fcz\u00fc g\u00f6r\u00fcn.<\/p>\t\t\t\t\t\t\t\t<\/div>\n\t\t\t\t<\/div>\n\t\t\t\t\t<\/div>\n\t\t<\/div>\n\t\t\t\t\t<\/div>\n\t\t<\/section>\n\t\t\t\t<section class=\"elementor-section elementor-top-section elementor-element elementor-element-49f1b86 elementor-section-boxed elementor-section-height-default elementor-section-height-default\" data-id=\"49f1b86\" data-element_type=\"section\">\n\t\t\t\t\t\t<div class=\"elementor-container elementor-column-gap-default\">\n\t\t\t\t\t<div class=\"elementor-column elementor-col-100 elementor-top-column elementor-element elementor-element-2291630 ot-flex-column-vertical\" data-id=\"2291630\" data-element_type=\"column\">\n\t\t\t<div class=\"elementor-widget-wrap elementor-element-populated\">\n\t\t\t\t\t\t<div class=\"elementor-element elementor-element-ec96961 elementor-widget elementor-widget-text-editor\" data-id=\"ec96961\" data-element_type=\"widget\" data-widget_type=\"text-editor.default\">\n\t\t\t\t<div class=\"elementor-widget-container\">\n\t\t\t\t\t\t\t\t\t<div style=\"overflow-x: auto;\">\n<table width=\"auto\">\n<tbody>\n<tr>\n<td width=\"auto\">Proje Ad\u0131<\/td>\n<td width=\"auto\">Lokasyon<\/td>\n<td width=\"auto\">\u00dclke<\/td>\n<td width=\"auto\">Proje<\/td>\n<\/tr>\n<tr>\n<td>Al Bukhariy <b>2025<b><\/b><\/b><\/td>\n<td>Samarkand<\/td>\n<td>\u00d6zbekistan<\/td>\n<td><a href=\"https:\/\/ahsapmobilya-ffe.pixieset.com\/albuxarisamarkand\/\"><span style=\"color: #0000ff;\">Ge\u00e7mek<\/span><\/a><\/td>\n<\/tr>\n<tr>\n<td>Wyndham Garden <b>2025<b><\/b><\/b><\/td>\n<td>Ta\u015fkent<\/td>\n<td>\u00d6zbekistan<\/td>\n<td><a href=\"https:\/\/ahsapmobilya-ffe.pixieset.com\/wyndhamgarden\/\"><span style=\"color: #0000ff;\">Ge\u00e7mek<\/span><\/a><\/td>\n<\/tr>\n<tr>\n<td>WYNDHAM<\/td>\n<td>HALKALI<\/td>\n<td>T\u00fcrkiye<\/td>\n<td><span style=\"color: #0000ff;\"><a style=\"color: #0000ff;\" href=\"https:\/\/wyndhamgrandistanbuleurope.com\/en\/gallery\/\">Ge\u00e7mek<\/a><\/span><\/td>\n<\/tr>\n<tr>\n<td>WYNDHAM<\/td>\n<td>FRANKFORT<\/td>\n<td>Almanya<\/td>\n<td>Ge\u00e7mek<\/td>\n<\/tr>\n<tr>\n<td>H\u0130LTON<\/td>\n<td>AVCILAR<\/td>\n<td>T\u00fcrkiye<\/td>\n<td><a href=\"https:\/\/www.hilton.com\/en\/hotels\/istavdi-doubletree-istanbul-avcilar\/gallery\/\"><span style=\"color: #0000ff;\">Ge\u00e7mek<\/span><\/a><\/td>\n<\/tr>\n<tr>\n<td>H\u0130LTON<\/td>\n<td>BOMONT\u0130<\/td>\n<td>T\u00fcrkiye<\/td>\n<td><a href=\"https:\/\/www.hilton.com\/en\/hotels\/istbhhi-hilton-istanbul-bomonti-hotel-and-conference-center\/gallery\/\"><span style=\"color: #0000ff;\">Ge\u00e7mek<\/span><\/a><\/td>\n<\/tr>\n<tr>\n<td>H\u0130LTON<\/td>\n<td>KOZYATA\u011eI<\/td>\n<td>T\u00fcrkiye<\/td>\n<td><a href=\"https:\/\/www.hilton.com\/en\/hotels\/istkohi-hilton-istanbul-kozyatagi\/gallery\/\"><span style=\"color: #0000ff;\">Ge\u00e7mek<\/span><\/a><\/td>\n<\/tr>\n<tr>\n<td>H\u0130LTON<\/td>\n<td>BURSA<\/td>\n<td>T\u00fcrkiye<\/td>\n<td><a href=\"https:\/\/www.hilton.com\/en\/hotels\/btzhihi-hilton-bursa-convention-center-and-spa\/gallery\/\"><span style=\"color: #0000ff;\">Ge\u00e7mek<\/span><\/a><\/td>\n<\/tr>\n<tr>\n<td>HAMPTON<\/td>\n<td>BURSA<\/td>\n<td>T\u00fcrkiye<\/td>\n<td><a href=\"https:\/\/www.hilton.com\/en\/hotels\/btzhxhx-hampton-bursa\/gallery\/\"><span style=\"color: #0000ff;\">Ge\u00e7mek<\/span><\/a><\/td>\n<\/tr>\n<tr>\n<td>H\u0130LTON<\/td>\n<td>\u0130SRA\u0130L<\/td>\n<td>\u0130srail<\/td>\n<td>Ge\u00e7mek<\/td>\n<\/tr>\n<tr>\n<td>MARR\u0130OTT<\/td>\n<td>HALKALI<\/td>\n<td>T\u00fcrkiye<\/td>\n<td><span style=\"color: #0000ff;\"><a style=\"color: #0000ff;\" href=\"https:\/\/www.marriott.com\/en-us\/hotels\/istdw-delta-hotels-istanbul-west\/photos\/\">Ge\u00e7mek<\/a><\/span><\/td>\n<\/tr>\n<tr>\n<td>MARR\u0130OTT<\/td>\n<td>BUDAPE\u015eTE<\/td>\n<td>Macaristan<\/td>\n<td>Ge\u00e7mek<\/td>\n<\/tr>\n<tr>\n<td>POLUS PALACE HOTEL<\/td>\n<td>G\u00d6D<\/td>\n<td>Macaristan<\/td>\n<td><span style=\"color: #0000ff;\"><a style=\"color: #0000ff;\" href=\"https:\/\/maxapro.hu\/god\/polus-palace-hotel-es-golf-palya-god-kadar-utca-4297136#gallery-1\">Ge\u00e7mek<\/a><\/span><\/td>\n<\/tr>\n<tr>\n<td>WALDORF ASTOR\u0130A<\/td>\n<td>\u0130SRA\u0130L<\/td>\n<td>\u0130srail<\/td>\n<td>Ge\u00e7mek<\/td>\n<\/tr>\n<tr>\n<td>CLUB MED<\/td>\n<td>ELAT, \u0130SRA\u0130L<\/td>\n<td>\u0130srail<\/td>\n<td>Ge\u00e7mek<\/td>\n<\/tr>\n<tr>\n<td>SW\u0130SSOTEL<\/td>\n<td>ANKARA<\/td>\n<td>T\u00fcrkiye<\/td>\n<td><a href=\"https:\/\/www.swissotel.com\/in-room\/swissotel-ankara.html\"><span style=\"color: #0000ff;\">Ge\u00e7mek<\/span><\/a><\/td>\n<\/tr>\n<tr>\n<td>KOL\u0130N OTEL<\/td>\n<td>\u00c7ANAKKALE<\/td>\n<td>T\u00fcrkiye<\/td>\n<td><a href=\"https:\/\/kolinhotel.com\/deluxe-odalar-ve-suitler\/\"><span style=\"color: #0000ff;\">Ge\u00e7mek<\/span><\/a><\/td>\n<\/tr>\n<tr>\n<td>\u0130SKUR<\/td>\n<td>\u0130STANBUL<\/td>\n<td>T\u00fcrkiye<\/td>\n<td><a href=\"http:\/\/www.pro-ge.com.tr\/projectdetails.aspx?ID=205\"><span style=\"color: #0000ff;\">Ge\u00e7mek<\/span><\/a><\/td>\n<\/tr>\n<tr>\n<td>K\u0130L\u0130KYA PALACE<\/td>\n<td>G\u00d6YN\u00dcK<\/td>\n<td>T\u00fcrkiye<\/td>\n<td><span style=\"color: #0000ff;\"><a style=\"color: #0000ff;\" href=\"https:\/\/www.kilikyapalace.com\/ru\/gallery\">Ge\u00e7mek<\/a><\/span><\/td>\n<\/tr>\n<tr>\n<td>K\u0130L\u0130KYA PALACE<\/td>\n<td>\u00c7AMYUVA<\/td>\n<td>T\u00fcrkiye<\/td>\n<td><a href=\"https:\/\/dynamic-media-cdn.tripadvisor.com\/media\/photo-o\/07\/fa\/13\/00\/kilikya-resort-camyuva.jpg?w=1000&amp;h=-1&amp;s=1\"><span style=\"color: #0000ff;\">Ge\u00e7mek<\/span><\/a><\/td>\n<\/tr>\n<tr>\n<td>RIXOS ALATAU<\/td>\n<td>BELD\u0130B\u0130, KEMER<\/td>\n<td>T\u00fcrkiye<\/td>\n<td><a href=\"https:\/\/www.tursvodka.ru\/countries\/turkey\/hotels\/rixos_beldibi\/photo\/\"><span style=\"color: #0000ff;\">Ge\u00e7mek<\/span><\/a><\/td>\n<\/tr>\n<tr>\n<td>AKKA HOTELS ALINDA<\/td>\n<td>K\u0130R\u0130\u015e, KEMER<\/td>\n<td>T\u00fcrkiye<\/td>\n<td><a href=\"https:\/\/www.akkahotels.com\/alinda\/ru\/standartnyj-nomer-sajd-blok\"><span style=\"color: #0000ff;\">Ge\u00e7mek<\/span><\/a><\/td>\n<\/tr>\n<tr>\n<td>AKKA HOTELS CLAROS<\/td>\n<td>K\u0130R\u0130\u015e, KEMER<\/td>\n<td>T\u00fcrkiye<\/td>\n<td><a href=\"https:\/\/www.akkahotels.com\/claros\/ru\/galereya\"><span style=\"color: #0000ff;\">Ge\u00e7mek<\/span><\/a><\/td>\n<\/tr>\n<tr>\n<td>AKKA HOTELS ANTEDON<\/td>\n<td>\u00a0BELD\u0130B\u0130, AKKA<\/td>\n<td>T\u00fcrkiye<\/td>\n<td><a href=\"https:\/\/www.akkahotels.com\/antedon\/ru\/galereya\"><span style=\"color: #0000ff;\">Ge\u00e7mek<\/span><\/a><\/td>\n<\/tr>\n<tr>\n<td>SILLYUM HOTEL<\/td>\n<td>BELEK<\/td>\n<td>T\u00fcrkiye<\/td>\n<td><span style=\"color: #0000ff;\"><a style=\"color: #0000ff;\" href=\"https:\/\/www.tripadvisor.ru\/Hotel_Review-g312725-d507997-Reviews-Sillyum_Hotel-Belek_Serik_District_Turkish_Mediterranean_Coast.html\">Ge\u00e7mek<\/a><\/span><\/td>\n<\/tr>\n<tr>\n<td>CORNEL\u0130A DIAMOND<\/td>\n<td>BELEK<\/td>\n<td>T\u00fcrkiye<\/td>\n<td><a href=\"https:\/\/www.corneliaresort.com\/RU\/Cornelia-Diamond-Luxury-Golf-Resort-Spa-Hotel-Belek-Antalya\/%D0%BD%D0%BE%D0%BC%D0%B5%D1%80%D0%B0-%D0%B8-%D0%BB%D1%8E%D0%BA%D1%81%D1%8B-%D1%84%D0%BE%D1%82%D0%BE%D0%B3%D0%B0%D0%BB%D0%B5%D1%80%D0%B5%D1%8F\"><span style=\"color: #0000ff;\">Ge\u00e7mek<\/span><\/a><\/td>\n<\/tr>\n<tr>\n<td>BELCONTI RESORT HOTEL<\/td>\n<td>BELEK<\/td>\n<td>T\u00fcrkiye<\/td>\n<td><a href=\"https:\/\/www.belconti.com\/RU\/%D0%BD%D0%BE%D0%BC%D0%B5%D1%80%D0%B0-%D0%B8-%D0%BB%D1%8E%D0%BA%D1%81%D1%8B\"><span style=\"color: #0000ff;\">Ge\u00e7mek<\/span><\/a><\/td>\n<\/tr>\n<tr>\n<td>SALAMIS BAY CONTI<\/td>\n<td>KIBRIS<\/td>\n<td>T\u00fcrkiye<\/td>\n<td><a href=\"https:\/\/salamisbayconti.com\/en\/rooms\"><span style=\"color: #0000ff;\">Ge\u00e7mek<\/span><\/a><\/td>\n<\/tr>\n<tr>\n<td>CLUB MED<\/td>\n<td>PALM\u0130YE TATIL K\u00d6Y\u00dc KEMER<\/td>\n<td>T\u00fcrkiye<\/td>\n<td><a href=\"https:\/\/www.clubmed.com.tr\/r\/palmiye\/y?start_date=2025-05-14&amp;end_date=2025-05-15&amp;adults=2&amp;children=0\"><span style=\"color: #0000ff;\">Ge\u00e7mek<\/span><\/a><\/td>\n<\/tr>\n<tr>\n<td>KEMER RESORT<\/td>\n<td>KEMER<\/td>\n<td>T\u00fcrkiye<\/td>\n<td><span style=\"color: #0000ff;\"><a style=\"color: #0000ff;\" href=\"https:\/\/www.google.com\/travel\/search?q=kemer%20resort%20hotel&amp;g2lb=4965990%2C4969803%2C72277293%2C72302247%2C72317059%2C72406588%2C72414906%2C72421566%2C72471280%2C72472051%2C72481459%2C72485658%2C72560029%2C72573224%2C72616120%2C72619927%2C72628720%2C72647020%2C72648289%2C72686036%2C72760082%2C72803964%2C72808078%2C72825295%2C72827241%2C72832976%2C72852291%2C72882230%2C72885032&amp;hl=ru-UZ&amp;gl=uz&amp;ssta=1&amp;ts=CAESCAoCCAMKAggDGhwSGhIUCgcI6Q8QAxgbEgcI6Q8QAxgcGAEyAhAAKgcKBToDVVpT&amp;qs=CAEyE0Nnb0l0Zjc0ek92RDZhSk5FQUU4CkIJEcB73O35oj__QgkRt8Kg4MEX-wNCCRFnmlUM7vdAKUIJEbbE4ScSZohWWlQIATJQqgFNEAEqECIMcmVzb3J0IGhvdGVsKA0yHxABIhtYxRunMF7w25gwXKDyeX0MXD6H6InewAuHHR0yFhACIhJrZW1lciByZXNvcnQgaG90ZWw&amp;ap=aAG6AQhvdmVydmlldw&amp;ictx=111&amp;ved=0CAAQ5JsGahcKEwjA1Z6p_4aMAxUAAAAAHQAAAAAQCQ\">Ge\u00e7mek<\/a><\/span><\/td>\n<\/tr>\n<tr>\n<td>WOME DELUXE<\/td>\n<td>ALANYA<\/td>\n<td>T\u00fcrkiye<\/td>\n<td><a href=\"https:\/\/www.wome.com.tr\/tr\/galeri\/detail\/odalar\"><span style=\"color: #0000ff;\">Ge\u00e7mek<\/span><\/a><\/td>\n<\/tr>\n<tr>\n<td>EL\u0130TE WORLD<\/td>\n<td>FLORYA ISTANBUL<\/td>\n<td>T\u00fcrkiye<\/td>\n<td><a href=\"https:\/\/www.eliteworldhotels.com.tr\/gallery-detail?otelAdi=elite-world-istanbul-florya&amp;_gl=1*q0ie8t*_up*MQ..*_ga*MTQ4ODk0NzE0OS4xNzQxOTY2NTMy*_ga_9RX6P9L0MB*MTc0MTk2NjUyOS4xLjAuMTc0MTk2NjUyOS4wLjAuMTY5Nzg3NDgxMg..\"><span style=\"color: #0000ff;\">Ge\u00e7mek<\/span><\/a><\/td>\n<\/tr>\n<tr>\n<td>EL\u0130TE WORLD<\/td>\n<td>\u0130K\u0130TELL\u0130 ISTANBUL<\/td>\n<td>T\u00fcrkiye<\/td>\n<td><a href=\"https:\/\/www.eliteworldhotels.com.tr\/gallery-detail?otelAdi=elite-world-grand-istanbul-basin-ekspres&amp;_gl=1*tr0nvn*_up*MQ..*_ga*MTg4MDIzOTA4OC4xNzQxOTY2ODU1*_ga_9RX6P9L0MB*MTc0MTk2Njg1Mi4xLjEuMTc0MTk2Njg2Mi4wLjAuMTYyNTIwMDY1MQ..\"><span style=\"color: #0000ff;\">Ge\u00e7mek<\/span><\/a><\/td>\n<\/tr>\n<tr>\n<td>EL\u0130TE WORLD<\/td>\n<td>VAN<\/td>\n<td>T\u00fcrkiye<\/td>\n<td><a href=\"https:\/\/www.eliteworldhotels.com.tr\/gallery-detail?otelAdi=elite-world-van&amp;_gl=1*3cr4d3*_up*MQ..*_ga*MzM3NTc4MjIzLjE3NDE5NjY3MTU.*_ga_9RX6P9L0MB*MTc0MTk2NjcxMi4xLjEuMTc0MTk2NjcxOS4wLjAuMzI3NzkxNTU0\"><span style=\"color: #0000ff;\">Ge\u00e7mek<\/span><\/a><\/td>\n<\/tr>\n<tr>\n<td>EL\u0130TE WORLD<\/td>\n<td>TAKS\u0130M ISTANBUL<\/td>\n<td>T\u00fcrkiye<\/td>\n<td><a href=\"https:\/\/www.eliteworldhotels.com.tr\/gallery-detail?otelAdi=elite-world-comfy-istanbul-taksim&amp;_gl=1*1baf5jc*_up*MQ..*_ga*NTM2NzA2MTkyLjE3NDE5NjY2Njk.*_ga_9RX6P9L0MB*MTc0MTk2NjY2Ny4xLjAuMTc0MTk2NjY2Ny4wLjAuMTQyNTUxODQ2Mw..\"><span style=\"color: #0000ff;\">Ge\u00e7mek<\/span><\/a><\/td>\n<\/tr>\n<tr>\n<td>EL\u0130TE WORLD<\/td>\n<td>MARMAR\u0130S<\/td>\n<td>T\u00fcrkiye<\/td>\n<td><a href=\"https:\/\/www.eliteworldhotels.com.tr\/gallery-detail?otelAdi=elite-world-marmaris&amp;_gl=1*onolwd*_up*MQ..*_ga*MjA4NzY5Nzk2MS4xNzQxOTY2NzY1*_ga_9RX6P9L0MB*MTc0MTk2Njc2NC4xLjAuMTc0MTk2Njc2NC4wLjAuMTIzNTcxNDg2NQ..\"><span style=\"color: #0000ff;\">Ge\u00e7mek<\/span><\/a><\/td>\n<\/tr>\n<tr>\n<td>EL\u0130TE WORLD<\/td>\n<td>SAPANCA<\/td>\n<td>T\u00fcrkiye<\/td>\n<td><a href=\"https:\/\/www.eliteworldhotels.com.tr\/gallery-detail?otelAdi=elite-world-grand-sapanca&amp;_gl=1*11msw3s*_up*MQ..*_ga*NjE3MzYxNDEyLjE3NDE5NjY3OTY.*_ga_9RX6P9L0MB*MTc0MTk2Njc5My4xLjAuMTc0MTk2Njc5My4wLjAuMjA3NDMzNDExNQ..\"><span style=\"color: #0000ff;\">Ge\u00e7mek<\/span><\/a><\/td>\n<\/tr>\n<tr>\n<td>THE GREEN PARK<\/td>\n<td>PEND\u0130K ISTANBUL<\/td>\n<td>T\u00fcrkiye<\/td>\n<td><a href=\"https:\/\/www.thegreenparkpendik.com\/pages\/rooms-rates\"><span style=\"color: #0000ff;\">Ge\u00e7mek<\/span><\/a><\/td>\n<\/tr>\n<tr>\n<td>THE GREEN PARK<\/td>\n<td>BOSTANCI ISTANBUL<\/td>\n<td>T\u00fcrkiye<\/td>\n<td><a href=\"https:\/\/www.thegreenparkbostanci.com\/pages\/rooms-rates\"><span style=\"color: #0000ff;\">Ge\u00e7mek<\/span><\/a><\/td>\n<\/tr>\n<tr>\n<td>THE GREEN PARK<\/td>\n<td>TAKS\u0130M ISTANBUL<\/td>\n<td>T\u00fcrkiye<\/td>\n<td><a href=\"https:\/\/www.thegreenparktaksim.com\/pages\/rooms-rates\"><span style=\"color: #0000ff;\">Ge\u00e7mek<\/span><\/a><\/td>\n<\/tr>\n<tr>\n<td>THE GREEN PARK<\/td>\n<td>KARTEPE SAKARYA<\/td>\n<td>T\u00fcrkiye<\/td>\n<td><a href=\"https:\/\/www.karteperesort.com\/pages\/rooms-rates\"><span style=\"color: #0000ff;\">Ge\u00e7mek<\/span><\/a><\/td>\n<\/tr>\n<tr>\n<td>THE GREEN PARK<\/td>\n<td>ANKARA<\/td>\n<td>T\u00fcrkiye<\/td>\n<td><a href=\"https:\/\/www.thegreenparkankara.com\/pages\/rooms-rates\"><span style=\"color: #0000ff;\">Ge\u00e7mek<\/span><\/a><\/td>\n<\/tr>\n<tr>\n<td>THE GREEN PARK<\/td>\n<td>S\u0130VAS<\/td>\n<td>T\u00fcrkiye<\/td>\n<td><span style=\"color: #0000ff;\"><a style=\"color: #0000ff;\" href=\"https:\/\/www.thegreenparksivas.com\/tr#gallery\">Ge\u00e7mek<\/a><\/span><\/td>\n<\/tr>\n<tr>\n<td>THE GREEN PARK<\/td>\n<td>GAZ\u0130ANTEP<\/td>\n<td>T\u00fcrkiye<\/td>\n<td><a href=\"https:\/\/danilproduction.pixieset.com\/albuxari\/\"><span style=\"color: #0000ff;\">Ge\u00e7mek<\/span><\/a><\/td>\n<\/tr>\n<\/tbody>\n<\/table>\n<\/div>\t\t\t\t\t\t\t\t<\/div>\n\t\t\t\t<\/div>\n\t\t\t\t\t<\/div>\n\t\t<\/div>\n\t\t\t\t\t<\/div>\n\t\t<\/section>\n\t\t\t\t<\/div>","protected":false},"excerpt":{"rendered":"<p>\u041d\u0430\u0448\u0438 \u043f\u0440\u043e\u0435\u043a\u0442\u044b \u0417\u0430 \u0433\u043e\u0434\u044b \u0440\u0430\u0431\u043e\u0442\u044b \u043c\u044b \u0440\u0435\u0430\u043b\u0438\u0437\u043e\u0432\u0430\u043b\u0438 \u0431\u043e\u043b\u0435\u0435 200 \u043c\u0430\u0441\u0448\u0442\u0430\u0431\u043d\u044b\u0445 \u043f\u0440\u043e\u0435\u043a\u0442\u043e\u0432 \u0432 13 \u0441\u0442\u0440\u0430\u043d\u0430\u0445 \u043c\u0438\u0440\u0430. \u041c\u044b \u0433\u043e\u0440\u0434\u0438\u043c\u0441\u044f \u0442\u0435\u043c, \u0447\u0442\u043e \u0441\u043e\u0437\u0434\u0430\u0451\u043c \u043c\u0435\u0431\u0435\u043b\u044c \u0438 \u0438\u043d\u0442\u0435\u0440\u044c\u0435\u0440\u043d\u044b\u0435 \u0440\u0435\u0448\u0435\u043d\u0438\u044f, \u043a\u043e\u0442\u043e\u0440\u044b\u0435 \u0441\u0442\u0430\u043d\u043e\u0432\u044f\u0442\u0441\u044f \u0447\u0430\u0441\u0442\u044c\u044e \u0443\u043d\u0438\u043a\u0430\u043b\u044c\u043d\u043e\u0439 \u0430\u0442\u043c\u043e\u0441\u0444\u0435\u0440\u044b \u0433\u043e\u0441\u0442\u0438\u043d\u0438\u0446, \u043c\u0435\u0434\u0438\u0446\u0438\u043d\u0441\u043a\u0438\u0445 \u0446\u0435\u043d\u0442\u0440\u043e\u0432, \u0431\u0438\u0437\u043d\u0435\u0441- \u0438 \u0442\u043e\u0440\u0433\u043e\u0432\u044b\u0445 \u043a\u043e\u043c\u043f\u043b\u0435\u043a\u0441\u043e\u0432, \u0440\u0435\u0441\u0442\u043e\u0440\u0430\u043d\u043e\u0432 \u0438 \u043c\u0443\u0437\u0435\u0435\u0432. \u041a\u0430\u0436\u0434\u044b\u0439 \u043f\u0440\u043e\u0435\u043a\u0442 \u0434\u043b\u044f \u043d\u0430\u0441 \u2014 \u044d\u0442\u043e \u0432\u043e\u0437\u043c\u043e\u0436\u043d\u043e\u0441\u0442\u044c \u043f\u0440\u043e\u0434\u0435\u043c\u043e\u043d\u0441\u0442\u0440\u0438\u0440\u043e\u0432\u0430\u0442\u044c \u0441\u043e\u0447\u0435\u0442\u0430\u043d\u0438\u0435 \u0441\u0442\u0438\u043b\u044f, \u0444\u0443\u043d\u043a\u0446\u0438\u043e\u043d\u0430\u043b\u044c\u043d\u043e\u0441\u0442\u0438 \u0438 \u043a\u0430\u0447\u0435\u0441\u0442\u0432\u0430, \u043f\u043e\u0434\u0442\u0432\u0435\u0440\u0436\u0434\u0430\u044f \u043d\u0430\u0448\u0443 \u0440\u0435\u043f\u0443\u0442\u0430\u0446\u0438\u044e [&hellip;]<\/p>","protected":false},"author":1,"featured_media":0,"parent":0,"menu_order":0,"comment_status":"closed","ping_status":"closed","template":"","meta":{"footnotes":""},"class_list":["post-4097","page","type-page","status-publish","hentry"],"_links":{"self":[{"href":"https:\/\/ahsapmobilya.uz\/tr\/wp-json\/wp\/v2\/pages\/4097","targetHints":{"allow":["GET"]}}],"collection":[{"href":"https:\/\/ahsapmobilya.uz\/tr\/wp-json\/wp\/v2\/pages"}],"about":[{"href":"https:\/\/ahsapmobilya.uz\/tr\/wp-json\/wp\/v2\/types\/page"}],"author":[{"embeddable":true,"href":"https:\/\/ahsapmobilya.uz\/tr\/wp-json\/wp\/v2\/users\/1"}],"replies":[{"embeddable":true,"href":"https:\/\/ahsapmobilya.uz\/tr\/wp-json\/wp\/v2\/comments?post=4097"}],"version-history":[{"count":9,"href":"https:\/\/ahsapmobilya.uz\/tr\/wp-json\/wp\/v2\/pages\/4097\/revisions"}],"predecessor-version":[{"id":5136,"href":"https:\/\/ahsapmobilya.uz\/tr\/wp-json\/wp\/v2\/pages\/4097\/revisions\/5136"}],"wp:attachment":[{"href":"https:\/\/ahsapmobilya.uz\/tr\/wp-json\/wp\/v2\/media?parent=4097"}],"curies":[{"name":"wp","href":"https:\/\/api.w.org\/{rel}","templated":true}]}}